{"id":54,"date":"2018-10-19T07:39:43","date_gmt":"2018-10-19T07:39:43","guid":{"rendered":"https:\/\/obinger.at\/?page_id=54"},"modified":"2018-10-19T07:39:43","modified_gmt":"2018-10-19T07:39:43","slug":"babylook-isdn","status":"publish","type":"page","link":"https:\/\/obinger.at\/?page_id=54","title":{"rendered":"Babylook ISDN"},"content":{"rendered":"<h4>Beschreibung Babylook<\/h4>\n<ul>\n<li>Die Bestehende Telefonanlage wird ueber 1 bis n S0-Busse mit einem PC verbunden.<\/li>\n<li>Im PC befindet sich n ISDN Karten mit bis zu n S0-Bussen = max.89 Baby-Phone<\/li>\n<li>Bis zu 4 x C4 Karten oder 3 x PRI z.B. Leonardo 30 Karte.<\/li>\n<li>Das Programm \u00ae BabyLook steht \u00fcber einen \u00aeCAPI 2.0 Treiber mit der ISDN Karte in Verbindung.W\u00e4hlt der Gast die B\u00fcndelnummer des Baby-Phone\u2018s, wird auf der ISDN Karte ein Kanal belegt und nach einer gew\u00fcnschten Zeit* auf \u00dcberwachung geschalten<\/li>\n<li>\u00dcbersteigt die Lautst\u00e4rke f\u00fcr eine bestimmte Zeit* einen w\u00e4hlbaren Schwellwert, wird die Alarmrufnummer angerufen. Nach Melden des Teilnehmers wird zuerst eine Ansage mitgeteilt und dann auf f\u00fcr eine einstellbare Zeit* auf Raum\u00fcberwachung geschalten.<\/li>\n<li>Sollte sich bei der Alarmrufnummer keiner melden, wird der Vorgang wiederholt bis sich der Teilnehmer meldet, oder die Notrufnummer wird angerufen.<\/li>\n<li>Nach Auflegen des Teilnehmers wird nach Ablauf eines Timeouts wieder auf \u00dcberwachung geschalten.<\/li>\n<li>Alle Abl\u00e4ufe werden protokolliert Das Einrichten der Rufnummern kann auch auf Client-PC\u2018s durchgef\u00fchrt werden.<\/li>\n<li>*(alle Zeiten sind einstellbar)<\/li>\n<\/ul>\n<h4>Vorteile:<\/h4>\n<ul>\n<li>Vorhandene Telefonapparate ob Analog oder Digital k\u00f6nnen benutzt werden.<\/li>\n<li>Signalisierung an Haustelefonen und\/oder \u00f6ffentlichen Telefonen (Handy).<\/li>\n<li>Kein Anbringen oder Aufstellen von Einrichtungen im Zimmer notwendig.<\/li>\n<li>Mitprotokollierung der Aktivit\u00e4ten.<\/li>\n<li>Aktivierung durch Wahl einer Nummer.<\/li>\n<li>Sprachgef\u00fchrt.<\/li>\n<\/ul>\n<h4>\u00a0Nachteile:<\/h4>\n<ul>\n<li>keine bekannt.<\/li>\n<\/ul>\n<h4>Spezifikation:<\/h4>\n<ul>\n<li>BabyLook ist eine Babyphone Software-Applikation.<\/li>\n<li>BabyLook besteht aus: BabyLookSipServer und BabyLookSipClient.<\/li>\n<li>BabyLook wurde unter Visual Studio 2008 von Microsoft entwickelt.<br \/>\n.NET Framework 3.5 und dem SIP Stack von Lumisoft.<\/li>\n<li>BabyLookSipServer l\u00e4uft als Applikation unter:<br \/>\nWindows XP ab SP3, Window Vista, Windows 8,<br \/>\nWindows Server 2003, Windows Server 2008.<\/li>\n<li>BabyLookSipServer ist \u00fcber ein TCP\/IP Netzwerk mit einer Telefonanlage verbunden.<\/li>\n<li>Maximal 99 Sip-Kan\u00e4le k\u00f6nnen eingerichtet werden.<\/li>\n<li>Pro gleichzeitig zu \u00fcberwachenden Zimmer(Telefon) ist ein Sip-Kanal einzurichten, dazukommt noch mindestens ein Sip-Kanal f\u00fcr die Alarmierung.<\/li>\n<li>Es sollten jedoch eine ausreichende Anzahl von Sip-Kan\u00e4len f\u00fcr die Alarmierung vorgesehen werden.<\/li>\n<li>Die Sip-Kan\u00e4le k\u00f6nnen als Sip-Trunk oder Sip-User eingerichtet werden.<\/li>\n<li>Als Codecs stehen PCMa und PCM\u00b5 laut G.711 zur Verf\u00fcgung.<\/li>\n<\/ul>\n","protected":false},"excerpt":{"rendered":"<p>Beschreibung Babylook Die Bestehende Telefonanlage wird ueber 1 bis n S0-Busse mit einem PC verbunden. Im PC befindet sich n ISDN Karten mit bis zu n S0-Bussen = max.89 Baby-Phone Bis zu 4 x C4 Karten oder 3 x PRI z.B. Leonardo 30 Karte. Das Programm \u00ae BabyLook steht \u00fcber einen \u00aeCAPI 2.0 Treiber mit &hellip; <a href=\"https:\/\/obinger.at\/?page_id=54\" class=\"more-link\"><span class=\"screen-reader-text\">Babylook ISDN<\/span> weiterlesen<\/a><\/p>\n","protected":false},"author":1,"featured_media":0,"parent":0,"menu_order":0,"comment_status":"closed","ping_status":"closed","template":"","meta":{"footnotes":""},"class_list":["post-54","page","type-page","status-publish","hentry"],"_links":{"self":[{"href":"https:\/\/obinger.at\/index.php?rest_route=\/wp\/v2\/pages\/54","targetHints":{"allow":["GET"]}}],"collection":[{"href":"https:\/\/obinger.at\/index.php?rest_route=\/wp\/v2\/pages"}],"about":[{"href":"https:\/\/obinger.at\/index.php?rest_route=\/wp\/v2\/types\/page"}],"author":[{"embeddable":true,"href":"https:\/\/obinger.at\/index.php?rest_route=\/wp\/v2\/users\/1"}],"replies":[{"embeddable":true,"href":"https:\/\/obinger.at\/index.php?rest_route=%2Fwp%2Fv2%2Fcomments&post=54"}],"version-history":[{"count":1,"href":"https:\/\/obinger.at\/index.php?rest_route=\/wp\/v2\/pages\/54\/revisions"}],"predecessor-version":[{"id":55,"href":"https:\/\/obinger.at\/index.php?rest_route=\/wp\/v2\/pages\/54\/revisions\/55"}],"wp:attachment":[{"href":"https:\/\/obinger.at\/index.php?rest_route=%2Fwp%2Fv2%2Fmedia&parent=54"}],"curies":[{"name":"wp","href":"https:\/\/api.w.org\/{rel}","templated":true}]}}