{"id":38,"date":"2018-10-19T07:26:21","date_gmt":"2018-10-19T07:26:21","guid":{"rendered":"https:\/\/obinger.at\/?page_id=38"},"modified":"2021-08-10T08:28:29","modified_gmt":"2021-08-10T08:28:29","slug":"c-babylook-sip","status":"publish","type":"page","link":"https:\/\/obinger.at\/?page_id=38","title":{"rendered":"(c) BabyLook  SIP"},"content":{"rendered":"<h2>Was f\u00fcr BabyLook Sip spricht:<\/h2>\n<ul>\n<li>Vorhandene Telefonapparate ob Analog oder Digital k\u00f6nnen benutzt werden.<\/li>\n<li>Signalisierung an Haustelefonen und\/oder \u00f6ffentlichen Telefonen (Handy).<\/li>\n<li>Kein Anbringen oder Aufstellen von Einrichtungen im Zimmer notwendig.<\/li>\n<li>Mitprotokollierung der Aktivit\u00e4ten.<\/li>\n<li>Aktivierung durch Wahl einer Nummer.<\/li>\n<li>Sprachgef\u00fchrt.<\/li>\n<li>Die Bestehende Telefonanlage wird \u00fcber SIP (Sip-Trunk oder SIP User) mit einem PC verbunden.<\/li>\n<li>Am Client wird die Zimmernummer und die dazugeh\u00f6rige Alarmnummer sowie eine Notrufnummer eingerichtet. W\u00e4hlt der Gast die B\u00fcndelnummer des Baby-Phone\u2018s, wird ein SIP Kanal belegt und nach einer gew\u00fcnschten Zeit* auf \u00dcberwachung geschalten. Der Gast legt den H\u00f6rer neben den Apparat oder geht auf Freisprechen. Solange eine Telefonverbindung besteht wird nun die Lautst\u00e4rke \u00fcberwacht.<\/li>\n<li>\u00dcbersteigt die Lautst\u00e4rke f\u00fcr eine bestimmte Zeit* einen w\u00e4hlbaren Schwellwert, wird die Alarmrufnummer angerufen. Nach Melden des Teilnehmers wird zuerst eine Ansage mitgeteilt und dann auf f\u00fcr eine einstellbare Zeit* auf Raum\u00fcberwachung (Mith\u00f6ren) geschalten.<\/li>\n<li>Sollte sich bei der Alarmrufnummer keiner melden, wird der Vorgang wiederholt bis sich der Teilnehmer meldet, oder die Notrufnummer wird angerufen.<\/li>\n<li>Nach Auflegen des Teilnehmers wird nach Ablauf eines Timeouts wieder auf \u00dcberwachung geschalten.<\/li>\n<li>Alle Abl\u00e4ufe werden protokolliert.<\/li>\n<\/ul>\n<p>*(alle Zeiten sind einstellbar)<\/p>\n<h2>Spezifikation<\/h2>\n<ul>\n<li>BabyLook ist eine Babyphone Software-Applikation.<\/li>\n<li>BabyLook besteht aus: BabyLookSipServer und BabyLookSipClient.<\/li>\n<li>\u00a0BabyLook wurde unter Visual Studio 2008 von Microsoft entwickelt.<br \/>\n.NET Framework 3.5 und dem SIP Stack von Lumisoft.<\/li>\n<li>BabyLookSipServer l\u00e4uft als Applikation unter:<br \/>\nWindows 7, 8 10,<br \/>\nWindows Server 2008, 2012 (R2), 2016, 2019.<\/li>\n<li>BabyLookSipServer ist \u00fcber ein TCP\/IP Netzwerk mit einer Telefonanlage verbunden.<\/li>\n<li>Maximal 99 Sip-Kan\u00e4le k\u00f6nnen eingerichtet werden.<br \/>\nPro gleichzeitig zu \u00fcberwachenden Zimmer(Telefon) ist ein Sip-Kanal einzurichten,<br \/>\ndazukommt noch mindestens ein Sip-Kanal f\u00fcr die Alarmierung.<br \/>\nEs sollten jedoch eine ausreichende Anzahl von Sip-Kan\u00e4len f\u00fcr die Alarmierung vorgesehen werden.<\/li>\n<li>Die Sip-Kan\u00e4le k\u00f6nnen als Sip-Trunk oder Sip-User eingerichtet werden.<\/li>\n<li>Als Codecs stehen PCMa und PCM\u00b5 laut G.711 zur Verf\u00fcgung.<\/li>\n<\/ul>\n","protected":false},"excerpt":{"rendered":"<p>Was f\u00fcr BabyLook Sip spricht: Vorhandene Telefonapparate ob Analog oder Digital k\u00f6nnen benutzt werden. Signalisierung an Haustelefonen und\/oder \u00f6ffentlichen Telefonen (Handy). Kein Anbringen oder Aufstellen von Einrichtungen im Zimmer notwendig. Mitprotokollierung der Aktivit\u00e4ten. Aktivierung durch Wahl einer Nummer. Sprachgef\u00fchrt. Die Bestehende Telefonanlage wird \u00fcber SIP (Sip-Trunk oder SIP User) mit einem PC verbunden. Am Client &hellip; <a href=\"https:\/\/obinger.at\/?page_id=38\" class=\"more-link\"><span class=\"screen-reader-text\">(c) BabyLook  SIP<\/span> weiterlesen<\/a><\/p>\n","protected":false},"author":1,"featured_media":0,"parent":0,"menu_order":0,"comment_status":"closed","ping_status":"closed","template":"","meta":{"footnotes":""},"class_list":["post-38","page","type-page","status-publish","hentry"],"_links":{"self":[{"href":"https:\/\/obinger.at\/index.php?rest_route=\/wp\/v2\/pages\/38","targetHints":{"allow":["GET"]}}],"collection":[{"href":"https:\/\/obinger.at\/index.php?rest_route=\/wp\/v2\/pages"}],"about":[{"href":"https:\/\/obinger.at\/index.php?rest_route=\/wp\/v2\/types\/page"}],"author":[{"embeddable":true,"href":"https:\/\/obinger.at\/index.php?rest_route=\/wp\/v2\/users\/1"}],"replies":[{"embeddable":true,"href":"https:\/\/obinger.at\/index.php?rest_route=%2Fwp%2Fv2%2Fcomments&post=38"}],"version-history":[{"count":7,"href":"https:\/\/obinger.at\/index.php?rest_route=\/wp\/v2\/pages\/38\/revisions"}],"predecessor-version":[{"id":89,"href":"https:\/\/obinger.at\/index.php?rest_route=\/wp\/v2\/pages\/38\/revisions\/89"}],"wp:attachment":[{"href":"https:\/\/obinger.at\/index.php?rest_route=%2Fwp%2Fv2%2Fmedia&parent=38"}],"curies":[{"name":"wp","href":"https:\/\/api.w.org\/{rel}","templated":true}]}}