{"id":36,"date":"2018-10-19T07:00:53","date_gmt":"2018-10-19T07:00:53","guid":{"rendered":"https:\/\/obinger.at\/?page_id=36"},"modified":"2020-12-13T10:26:14","modified_gmt":"2020-12-13T10:26:14","slug":"impressum","status":"publish","type":"page","link":"https:\/\/obinger.at\/?page_id=36","title":{"rendered":"Impressum"},"content":{"rendered":"<p><strong class=\"backh3\">Copyright<\/strong><\/p>\n<p>Fa. Obinger Softwareentwicklung beh\u00e4lt sich s\u00e4mtliche Rechte an der Website, insbesondere an Texten, Bildern, Grafiken, Sounds, Animationen und Videos sowie deren Gestaltung und der Struktur der Website, vor. Die Website einschlie\u00dflich ihrer Gestaltungsmerkmale unterliegt dem Schutz des Urheberrechtes und anderer Schutzgesetze. Der Inhalt dieser Website darf nicht zu kommerziellen Zwecken kopiert, verbreitet, ver\u00e4ndert oder Dritten zug\u00e4nglich gemacht werden. Alle Inhalte, insbesondere alle Bilder d\u00fcrfen ohne vorheriges schriftliches Einverst\u00e4ndnis der Firma Holger Obinger nur f\u00fcr pers\u00f6nliche, private Zwecke verwendet werden.<\/p>\n<div id=\"wrapper2\">\n<div id=\"main\">\n<div class=\"item-page\">\n<p><strong>F\u00fcr den Inhalt verantwortlich:<\/strong><\/p>\n<p><img loading=\"lazy\" decoding=\"async\" class=\"alignnone size-full wp-image-85\" src=\"https:\/\/obinger.at\/wp-content\/uploads\/2020\/12\/firma.png\" alt=\"\" width=\"180\" height=\"120\" \/><\/p>\n<p><strong>Irrt\u00fcmer und \u00c4nderungen vorbehalten<\/strong><\/p>\n<p>Alle auf dieser Website gezeigten Bilder, Texte, Angaben und sonstige Darstellungen entsprechen dem Wissensstand zum Zeitpunkt der Erstellung. Dabei handelt es sich um eine unverbindliche Information. Sp\u00e4ter erfolgte \u00c4nderungen bleiben vorbehalten. F\u00fcr Irrt\u00fcmer \u00fcbernimmt Fa. Holger Obinger keine Haftung.<\/p>\n<p><strong>Inhalt<\/strong><\/p>\n<p>Fa. Holger Obinger \u00fcbernimmt keinerlei Gew\u00e4hr f\u00fcr die Aktualit\u00e4t, Korrektheit, Vollst\u00e4ndigkeit oder Qualit\u00e4t der bereitgestellten Informationen. Haftungsanspr\u00fcche gegenFa. Holger Obinger, welche sich auf Sch\u00e4den materieller oder ideeller Art beziehen, die durch die Nutzung oder Nichtnutzung der dargebotenen Informationen bzw. durch die Nutzung fehlerhafter und unvollst\u00e4ndiger Informationen verursacht wurden, sind grunds\u00e4tzlich ausgeschlossen, sofern seitens Fa. Holger Obinger kein nachweislich vors\u00e4tzliches oder grob fahrl\u00e4ssiges Verschulden vorliegt.<\/p>\n<p>Fa. Holger Obinger beh\u00e4lt es sich ausdr\u00fccklich vor, Teile der Website oder die gesamte Website ohne gesonderte Ank\u00fcndigung zu ver\u00e4ndern, zu erg\u00e4nzen, zu l\u00f6schen oder die Ver\u00f6ffentlichung zeitweise oder endg\u00fcltig einzustellen.<\/p>\n<p><strong>Verweise und Links<\/strong><\/p>\n<p>Bei direkten oder indirekten Verweisen auf fremde Webseiten (Hyperlinks), die au\u00dferhalb des Verantwortungsbereiches der Autoren liegen, w\u00fcrde eine Haftungsverpflichtung ausschlie\u00dflich in dem Fall in Kraft treten, in dem die Autoren von den Inhalten Kenntnis haben und es ihnen technisch m\u00f6glich und zumutbar w\u00e4re, die Nutzung im Falle rechtswidriger Inhalte zu verhindern.<\/p>\n<p>Fa. Holger Obinger erkl\u00e4rt hiermit ausdr\u00fccklich, dass zum Zeitpunkt der Linksetzung keine illegalen Inhalte auf den zu verlinkenden Seiten erkennbar waren. Auf die aktuelle und zuk\u00fcnftige Gestaltung, die Inhalte oder die Urheberschaft der verlinkten\/verkn\u00fcpften Seiten hat Fa. Holger Obinger keinerlei Einfluss. Deshalb distanziert sie sich hiermit ausdr\u00fccklich von allen Inhalten aller verlinkten\/verkn\u00fcpften Seiten, die nach der Linksetzung ver\u00e4ndert wurden. Diese Feststellung gilt f\u00fcr alle innerhalb des eigenen Internetangebotes gesetzten Links und Verweise. F\u00fcr illegale, fehlerhafte oder unvollst\u00e4ndige Inhalte und insbesondere f\u00fcr Sch\u00e4den, die aus der Nutzung oder Nichtnutzung solcherart dargebotener Informationen entstehen, haftet allein der Anbieter der Seite, auf welche verwiesen wurde, nicht derjenige, der \u00fcber Links auf die jeweilige Ver\u00f6ffentlichung lediglich verweist.<\/p>\n<p><strong>Urheber- und Kennzeichenrecht<\/strong><\/p>\n<p>Fa. Holger Obinger ist bestrebt, in allen Publikationen die Urheberrechte der verwendeten Bilder, Grafiken, Tondokumente, Videosequenzen und Texte zu beachten, von ihr selbst erstellte Bilder, Grafiken, Tondokumente, Videosequenzen und Texte zu nutzen oder auf lizenzfreie Grafiken, Tondokumente, Videosequenzen und Texte zur\u00fcckzugreifen.<\/p>\n<p>Alle innerhalb des Internetangebotes genannten und gegebenenfalls durch Dritte gesch\u00fctzten Marken- und Warenzeichen unterliegen uneingeschr\u00e4nkt den Bestimmungen des jeweils g\u00fcltigen Kennzeichenrechts und den Besitzrechten der jeweiligen eingetragenen Eigent\u00fcmer. Allein aufgrund der blo\u00dfen Nennung ist nicht der Schluss zu ziehen, dass Markenzeichen nicht durch Rechte Dritter gesch\u00fctzt sind!<\/p>\n<p>Das Copyright f\u00fcr ver\u00f6ffentlichte, von Fa. Holger Obinger selbst erstellte Objekte, bleibt allein beim Autor\/bei Autorin der Seiten. Eine Vervielf\u00e4ltigung oder Verwendung solcher Grafiken, Tondokumente, Videosequenzen und Texte in anderen elektronischen oder gedruckten Publikationen ist ohne ausdr\u00fcckliche Zustimmung des Autors\/der Autorin nicht gestattet.<\/p>\n<p><strong>Datenschutz<\/strong><\/p>\n<p>Sofern innerhalb des Internetangebotes die M\u00f6glichkeit zur Eingabe pers\u00f6nlicher oder gesch\u00e4ftlicher Daten (E-Mail-Adressen, Namen, Anschriften) besteht, so erfolgt die Preisgabe dieser Daten seitens des Nutzers auf ausdr\u00fccklich freiwilliger Basis. Die Nutzung der im Rahmen des Impressums oder vergleichbarer Angaben ver\u00f6ffentlichten Kontaktdaten wie Postanschriften, Telefon- und Faxnummern sowie E-Mail-Adressen durch Dritte zur \u00dcbersendung von nicht ausdr\u00fccklich angeforderten Informationen ist nicht gestattet. Rechtliche Schritte gegen die Versender von sogenannten Spam-Mails bei Verst\u00f6\u00dfen gegen dieses Verbot sind usdr\u00fccklich vorbehalten.<\/p>\n<p><strong>Einsatz von Cookies<\/strong><\/p>\n<p>Wir weisen darauf hin, dass in jeder g\u00e4ngigen Browsersoftware i.d.R. Funktionen zur Verwaltung bzw. Deaktivierung von Cookies zur Verf\u00fcgung stehen.<\/p>\n<p><strong>Rechtswirksamkeit dieses Haftungsausschlusses<\/strong><\/p>\n<p>Dieser Haftungsausschluss ist als Teil des Internetangebotes zu betrachten, von dem aus auf diese Seite verwiesen wurde. Sofern Teile oder einzelne Formulierungen dieses Textes der geltenden Rechtslage nicht, nicht mehr oder nicht vollst\u00e4ndig entsprechen sollten, bleiben die \u00fcbrigen Teile des Dokumentes in ihrem Inhalt und ihrer G\u00fcltigkeit davon unber\u00fchrt.<\/p>\n<\/div>\n<\/div>\n<\/div>\n","protected":false},"excerpt":{"rendered":"<p>Copyright Fa. Obinger Softwareentwicklung beh\u00e4lt sich s\u00e4mtliche Rechte an der Website, insbesondere an Texten, Bildern, Grafiken, Sounds, Animationen und Videos sowie deren Gestaltung und der Struktur der Website, vor. Die Website einschlie\u00dflich ihrer Gestaltungsmerkmale unterliegt dem Schutz des Urheberrechtes und anderer Schutzgesetze. Der Inhalt dieser Website darf nicht zu kommerziellen Zwecken kopiert, verbreitet, ver\u00e4ndert oder &hellip; <a href=\"https:\/\/obinger.at\/?page_id=36\" class=\"more-link\"><span class=\"screen-reader-text\">Impressum<\/span> weiterlesen<\/a><\/p>\n","protected":false},"author":1,"featured_media":0,"parent":0,"menu_order":11,"comment_status":"closed","ping_status":"closed","template":"","meta":{"footnotes":""},"class_list":["post-36","page","type-page","status-publish","hentry"],"_links":{"self":[{"href":"https:\/\/obinger.at\/index.php?rest_route=\/wp\/v2\/pages\/36","targetHints":{"allow":["GET"]}}],"collection":[{"href":"https:\/\/obinger.at\/index.php?rest_route=\/wp\/v2\/pages"}],"about":[{"href":"https:\/\/obinger.at\/index.php?rest_route=\/wp\/v2\/types\/page"}],"author":[{"embeddable":true,"href":"https:\/\/obinger.at\/index.php?rest_route=\/wp\/v2\/users\/1"}],"replies":[{"embeddable":true,"href":"https:\/\/obinger.at\/index.php?rest_route=%2Fwp%2Fv2%2Fcomments&post=36"}],"version-history":[{"count":3,"href":"https:\/\/obinger.at\/index.php?rest_route=\/wp\/v2\/pages\/36\/revisions"}],"predecessor-version":[{"id":86,"href":"https:\/\/obinger.at\/index.php?rest_route=\/wp\/v2\/pages\/36\/revisions\/86"}],"wp:attachment":[{"href":"https:\/\/obinger.at\/index.php?rest_route=%2Fwp%2Fv2%2Fmedia&parent=36"}],"curies":[{"name":"wp","href":"https:\/\/api.w.org\/{rel}","templated":true}]}}